{"id":19,"date":"2020-01-17T08:52:22","date_gmt":"2020-01-17T08:52:22","guid":{"rendered":"http:\/\/stage.education-cloud.eu\/?p=19"},"modified":"2025-03-21T11:37:10","modified_gmt":"2025-03-21T10:37:10","slug":"about","status":"publish","type":"page","link":"https:\/\/www.education-cloud.eu\/?page_id=19","title":{"rendered":"\u00dcber uns"},"content":{"rendered":"<h1>\u00dcber uns<\/h1>\n<hr>\n<p><img decoding=\"async\" src=\"\/wp-content\/uploads\/2020\/06\/figuren_educationcloud_563.png\" alt=\"\"><\/p>\n<div>\n<p>Education Cloud ist Ihr kompetenter Ansprechpartner rund um das digitale Klassenzimmer. Egal ob nur einzelne Tablets genutzt werden oder die ganze Schule vernetzt wird, bieten wir Ihnen eine ma\u00dfgeschneiderte L\u00f6sung an f\u00fcr die Digitalisierung Ihrer Schule. Unsere modular aufgebauten Produkte und L\u00f6sungen sind unabh\u00e4ngig vom gew\u00e4hlten Betriebssystem und stufenlos ausbaubar.<\/p>\n<p>Neben den technischen Aspekten liegt unser Augenmerk auch auf der P\u00e4dagogik. &#171;Kein technisches Ger\u00e4t ohne p\u00e4dagogisches Konzept&#187; lautet unsere Devise.<\/p>\n<\/div>\n<div>\n<p>Wir bieten Ihnen Unterst\u00fctzung bei der Ausarbeitung des technisch-p\u00e4dagogischen Einsatzkonzepts sowie in der Schweiz bei der Antragstellung gegen\u00fcber der Schulkommission.<br \/>Neben der Unterst\u00fctzung bei der Ausarbeitung des technisch-p\u00e4dagogischen Einsatzkonzepts leisten wir in Deutschland zus\u00e4tzlich Hilfe bei der Ausarbeitung des Medienentwicklungsplans im Rahmen des DigitalPakt Schule und dies spezifisch auf Ihr Bundesland angepasst.<\/p>\n<p>Education Cloud ist DSG- und DSGVO-konform. Das hei\u00dft, dass unsere Produkte und Dienstleistungen sich den strengen Richtlinien des schweizerischen Datenschutzgesetzes und der Europ\u00e4ischen Datenschutz-Grundverordnung unterwerfen.<\/p>\n<p>Mit unseren sorgf\u00e4ltig ausgesuchten Education Cloud Partnern, welche zu den f\u00fchrenden Anbietern in ihrem Bereich geh\u00f6ren, k\u00f6nnen wir Ihnen so eine Komplettl\u00f6sung aus einer Hand anbieten.<\/p>\n<p>Mit Education Cloud sorgen Sie f\u00fcr eine zeitgem\u00e4\u00dfe Ausstattung Ihrer Schule und leisten so einen Beitrag Ihre Sch\u00fclerinnen und Sch\u00fcler optimal auf die Zukunft in der digitalen Welt vorzubereiten.<\/p>\n<\/div>\n<h2>Partner<\/h2>\n<hr>\n<ul>\n<li>\n<p>        <img decoding=\"async\" src=\"\/wp-content\/uploads\/2024\/06\/Arkti-IT.png\" alt=\"\"><\/p>\n<h3>Arkti IT<\/h3>\n<p><a href=\"http:\/\/www.arktis-gmbh.de\/\"><\/a><\/p>\n<\/li>\n<li>\n<p>        <img decoding=\"async\" src=\"\/wp-content\/uploads\/2023\/04\/auviso.b.jpg\" alt=\"\"><\/p>\n<h3>auviso \u2013 audio visual solutions ag<\/h3>\n<p><a href=\"https:\/\/auviso.ch\/\"><\/a><\/p>\n<\/li>\n<li>\n<p>        <img decoding=\"async\" src=\"\/wp-content\/uploads\/2021\/10\/AVACO-Logo-Blue.png\" alt=\"\"><\/p>\n<h3>AVACO<\/h3>\n<p><a href=\"https:\/\/www.avaco.io\/\"><\/a><\/p>\n<\/li>\n<li>\n<p>        <img decoding=\"async\" src=\"\/wp-content\/uploads\/2021\/03\/avonyavsolutions_farb.png\" alt=\"\"><\/p>\n<h3>Avony<\/h3>\n<p><a href=\"https:\/\/www.avony.ch\/\"><\/a><\/p>\n<\/li>\n<li>\n<p>        <img decoding=\"async\" src=\"\/wp-content\/uploads\/2020\/09\/partner-logo_BS.png\" alt=\"\"><\/p>\n<h3>partner-logo_BS<\/h3>\n<\/li>\n<li>\n<p>        <img decoding=\"async\" src=\"\/wp-content\/uploads\/2021\/07\/BDT-logo-new.png\" alt=\"\"><\/p>\n<h3>B&#038;DT<\/h3>\n<p><a href=\"https:\/\/www.interaktiv-displays.de\/\"><\/a><\/p>\n<\/li>\n<li>\n<p>        <img decoding=\"async\" src=\"\/wp-content\/uploads\/2024\/06\/BenQ-Logo.svg.png\" alt=\"\"><\/p>\n<h3>BenQ-Logo.svg<\/h3>\n<p><a href=\"https:\/\/www.benq.eu\/\"><\/a><\/p>\n<\/li>\n<li>\n<p>        <img decoding=\"async\" src=\"\/wp-content\/uploads\/2020\/09\/Bischoff.png\" alt=\"\"><\/p>\n<h3>Bischoff<\/h3>\n<\/li>\n<li>\n<p>        <img decoding=\"async\" src=\"\/wp-content\/uploads\/2022\/04\/Logo_new.png\" alt=\"\"><\/p>\n<h3>BRAINYOO<\/h3>\n<p><a href=\"https:\/\/www.brainyoo.de\/\"><\/a><\/p>\n<\/li>\n<li>\n<p>        <img decoding=\"async\" src=\"\/wp-content\/uploads\/2024\/06\/britnet.png\" alt=\"\"><\/p>\n<h3>britnet<\/h3>\n<p><a href=\"https:\/\/britnet.de\"><\/a><\/p>\n<\/li>\n<li>\n<p>        <img decoding=\"async\" src=\"\/wp-content\/uploads\/2024\/06\/buescher.png\" alt=\"\"><\/p>\n<h3>buescher<\/h3>\n<p><a href=\"https:\/\/www.buescher.de\/\"><\/a><\/p>\n<\/li>\n<li>\n<p>        <img decoding=\"async\" src=\"\/wp-content\/uploads\/2024\/06\/Logo_CampusLan350.png\" alt=\"\"><\/p>\n<h3>Logo_CampusLan350<\/h3>\n<p><a href=\"https:\/\/campuslan.de\"><\/a><\/p>\n<\/li>\n<li>\n<p>        <img decoding=\"async\" src=\"\/wp-content\/uploads\/2020\/09\/cedu.jpg\" alt=\"\"><\/p>\n<h3>CEDU<\/h3>\n<p><a href=\"http:\/\/www.c-edu.de\/cedu-carbon-education\/\"><\/a><\/p>\n<\/li>\n<li>\n<p>        <img decoding=\"async\" src=\"\/wp-content\/uploads\/2023\/04\/logo_clever-on-smart.png\" alt=\"\"><\/p>\n<h3>clever on smart<\/h3>\n<p><a href=\"https:\/\/cleveronsmart.at\/\"><\/a><\/p>\n<\/li>\n<li>\n<p>        <img decoding=\"async\" src=\"\/wp-content\/uploads\/2024\/06\/clevertouch.png\" alt=\"\"><\/p>\n<h3>clevertouch<\/h3>\n<p><a href=\"https:\/\/www.clevertouch.com\/de\/home\"><\/a><\/p>\n<\/li>\n<li>\n<p>        <img decoding=\"async\" src=\"\/wp-content\/uploads\/2024\/06\/ctouch.png\" alt=\"\"><\/p>\n<h3>ctouch<\/h3>\n<p><a href=\"https:\/\/ctouch.eu\/de\/bildung\"><\/a><\/p>\n<\/li>\n<li>\n<p>        <img decoding=\"async\" src=\"\/wp-content\/uploads\/2024\/06\/dahua.png\" alt=\"\"><\/p>\n<h3>dahua<\/h3>\n<p><a href=\"https:\/\/degen.solutions\/\"><\/a><\/p>\n<\/li>\n<li>\n<p>        <img decoding=\"async\" src=\"\/wp-content\/uploads\/2020\/09\/didacta.png\" alt=\"\"><\/p>\n<h3>didacta<\/h3>\n<p><a href=\"https:\/\/www.didacta.de\/mitgliedersuche-detail?id=415\"><\/a><\/p>\n<\/li>\n<li>\n<p>        <img decoding=\"async\" src=\"\/wp-content\/uploads\/2024\/06\/doerwng.png\" alt=\"\"><\/p>\n<h3>doerwng<\/h3>\n<p><a href=\"https:\/\/www.doerwang.de\"><\/a><\/p>\n<\/li>\n<li>\n<p>        <img decoding=\"async\" src=\"\/wp-content\/uploads\/2023\/03\/Duraplan-Logo-transparent-1.png\" alt=\"\"><\/p>\n<h3>DURAPLAN<\/h3>\n<p><a href=\"https:\/\/www.duraplan.net\/\"><\/a><\/p>\n<\/li>\n<li>\n<p>        <img decoding=\"async\" src=\"\/wp-content\/uploads\/2020\/09\/partner-logo_embru.png\" alt=\"\"><\/p>\n<h3>embru<\/h3>\n<\/li>\n<li>\n<p>        <img decoding=\"async\" src=\"\/wp-content\/uploads\/2023\/07\/Logo_nur_E-de_ohne_Schatten_2021.png\" alt=\"\"><\/p>\n<h3>Erstling GmbH<\/h3>\n<p><a href=\"https:\/\/www.erstling.de\/\"><\/a><\/p>\n<\/li>\n<li>\n<p>        <img decoding=\"async\" src=\"\/wp-content\/uploads\/2023\/07\/examiner_logo_RGB.png\" alt=\"\"><\/p>\n<h3>eXaminer AG<\/h3>\n<p><a href=\"https:\/\/www.examiner.ch\/\"><\/a><\/p>\n<\/li>\n<li>\n<p>        <img decoding=\"async\" src=\"\/wp-content\/uploads\/2024\/06\/cropped-logo-genial-media_grund_frei-1-e1646732783483-1-250x60-1.png\" alt=\"\"><\/p>\n<h3>cropped-logo-genial-media_grund_frei-1-e1646732783483-1-250&#215;60<\/h3>\n<p><a href=\"https:\/\/www.genial-media.de\"><\/a><\/p>\n<\/li>\n<li>\n<p>        <img decoding=\"async\" src=\"\/wp-content\/uploads\/2020\/12\/Haupt-IT.png\" alt=\"\"><\/p>\n<h3>HAUPT-IT-SYSTEMS GmbH<\/h3>\n<p><a href=\"https:\/\/www.haupt-it.de\/\"><\/a><\/p>\n<\/li>\n<li>\n<p>        <img decoding=\"async\" src=\"\/wp-content\/uploads\/2024\/06\/2560px-Hikvision_logo.svg.png\" alt=\"\"><\/p>\n<h3>2560px-Hikvision_logo.svg<\/h3>\n<p><a href=\"https:\/\/www.hikvision.com\/de\/\"><\/a><\/p>\n<\/li>\n<li>\n<p>        <img decoding=\"async\" src=\"\/wp-content\/uploads\/2023\/03\/logo.png\" alt=\"\"><\/p>\n<h3>Hisense<\/h3>\n<p><a href=\"https:\/\/www.hisense-b2b.com\/en\/home\"><\/a><\/p>\n<\/li>\n<li>\n<p>        <img decoding=\"async\" src=\"\/wp-content\/uploads\/2024\/06\/Hugo-Hamann.png\" alt=\"\"><\/p>\n<h3>Hugo Hamann<\/h3>\n<p><a href=\"https:\/\/www.buerokompetenz.de\/\"><\/a><\/p>\n<\/li>\n<li>\n<p>        <img decoding=\"async\" src=\"\/wp-content\/uploads\/2020\/09\/partner-logo_Hunziker.png\" alt=\"\"><\/p>\n<h3>Hunziker<\/h3>\n<p><a href=\"https:\/\/www.hunziker-thalwil.ch\/\"><\/a><\/p>\n<\/li>\n<li>\n<p>        <img decoding=\"async\" src=\"\/wp-content\/uploads\/2020\/11\/IcsW_4.png\" alt=\"\"><\/p>\n<h3>ICS<\/h3>\n<\/li>\n<li>\n<p>        <img decoding=\"async\" src=\"\/wp-content\/uploads\/2024\/02\/iserv-logo_170x60px.png\" alt=\"\"><\/p>\n<h3>IServ<\/h3>\n<p><a href=\"https:\/\/iserv.de\/\"><\/a><\/p>\n<\/li>\n<li>\n<p>        <img decoding=\"async\" src=\"\/wp-content\/uploads\/2024\/06\/KEUK_MT_Logo_Standard_red.png\" alt=\"\"><\/p>\n<h3>KEUK_MT_Logo_Standard_red<\/h3>\n<p><a href=\"https:\/\/www.keuk-medientechnik.com\/\"><\/a><\/p>\n<\/li>\n<li>\n<p>        <img decoding=\"async\" src=\"\/wp-content\/uploads\/2023\/03\/logo-1.png\" alt=\"\"><\/p>\n<h3>Kindermann<\/h3>\n<p><a href=\"https:\/\/www.kindermann.de\/wp\/\"><\/a><\/p>\n<\/li>\n<li>\n<p>        <img decoding=\"async\" src=\"\/wp-content\/uploads\/2020\/09\/partner-logo_Knobel.png\" alt=\"\"><\/p>\n<h3>partner-logo_Knobel<\/h3>\n<\/li>\n<li>\n<p>        <img decoding=\"async\" src=\"\/wp-content\/uploads\/2024\/06\/konzept-logo-gruen.png\" alt=\"\"><\/p>\n<h3>konzept-logo-gruen<\/h3>\n<p><a href=\"https:\/\/konzept-berlin.eu\/\"><\/a><\/p>\n<\/li>\n<li>\n<p>        <img decoding=\"async\" src=\"\/wp-content\/uploads\/2020\/09\/partner-logo_LANCOM.png\" alt=\"\"><\/p>\n<h3>Lancom<\/h3>\n<p><a href=\"https:\/\/www.lancom-systems.de\/loesungen\/branchen\/schule-und-bildung\/\"><\/a><\/p>\n<\/li>\n<li>\n<p>        <img decoding=\"async\" src=\"\/wp-content\/uploads\/2021\/11\/logo.png\" alt=\"\"><\/p>\n<h3>Legamaster<\/h3>\n<p><a href=\"https:\/\/www.legamaster.com\/ch-de\/home\"><\/a><\/p>\n<\/li>\n<li>\n<p>        <img decoding=\"async\" src=\"\/wp-content\/uploads\/2022\/10\/Logo_Lotta_02.png\" alt=\"\"><\/p>\n<h3>L.O.T.T.A. e.K.<\/h3>\n<p><a href=\"https:\/\/www.lotta-projekt.de\/\"><\/a><\/p>\n<\/li>\n<li>\n<p>        <img decoding=\"async\" src=\"\/wp-content\/uploads\/2022\/11\/mebikon_logo.png\" alt=\"\"><\/p>\n<h3>Mebikon<\/h3>\n<p><a href=\"https:\/\/mebikon.de\/\"><\/a><\/p>\n<\/li>\n<li>\n<p>        <img decoding=\"async\" src=\"\/wp-content\/uploads\/2020\/09\/mediasens.png\" alt=\"\"><\/p>\n<h3>mediasens<\/h3>\n<p><a href=\"https:\/\/www.mediasens.li\/\"><\/a><\/p>\n<\/li>\n<li>\n<p>        <img decoding=\"async\" src=\"\/wp-content\/uploads\/2022\/04\/MethodenGuide-Logo.png\" alt=\"\"><\/p>\n<h3>#MethodenGuide<\/h3>\n<p><a href=\"https:\/\/start.methodenguide.de\"><\/a><\/p>\n<\/li>\n<li>\n<p>        <img decoding=\"async\" src=\"\/wp-content\/uploads\/2020\/09\/partner-logo_mobil-werke.png\" alt=\"\"><\/p>\n<h3>Mobil Werke<\/h3>\n<\/li>\n<li>\n<p>        <img decoding=\"async\" src=\"\/wp-content\/uploads\/2023\/03\/Logo_NECDIS_main.png\" alt=\"\"><\/p>\n<h3>NECDIS GmbH<\/h3>\n<p><a href=\"https:\/\/www.necdis.de\/\"><\/a><\/p>\n<\/li>\n<li>\n<p>        <img decoding=\"async\" src=\"\/wp-content\/uploads\/2024\/06\/newline.png\" alt=\"\"><\/p>\n<h3>newline<\/h3>\n<p><a href=\"https:\/\/newline-interactive.com\/\"><\/a><\/p>\n<\/li>\n<li>\n<p>        <img decoding=\"async\" src=\"\/wp-content\/uploads\/2022\/04\/Logo.png\" alt=\"\"><\/p>\n<h3>ONLYOFFICE<\/h3>\n<p><a href=\"https:\/\/www.onlyoffice.com\/de\/\"><\/a><\/p>\n<\/li>\n<li>\n<p>        <img decoding=\"async\" src=\"\/wp-content\/uploads\/2020\/09\/logo_ontecgroup.png\" alt=\"\"><\/p>\n<h3>ONTEC<\/h3>\n<\/li>\n<li>\n<p>        <img decoding=\"async\" src=\"\/wp-content\/uploads\/2020\/09\/partner-logo_Optoma.png\" alt=\"\"><\/p>\n<h3>Optoma<\/h3>\n<p><a href=\"https:\/\/www.optoma.de\/\"><\/a><\/p>\n<\/li>\n<li>\n<p>        <img decoding=\"async\" src=\"\/wp-content\/uploads\/2020\/09\/partner-logo_Perrot.png\" alt=\"\"><\/p>\n<h3>partner-logo_Perrot<\/h3>\n<\/li>\n<li>\n<p>        <img decoding=\"async\" src=\"\/wp-content\/uploads\/2020\/09\/projektor-at.png\" alt=\"\"><\/p>\n<h3>Projektor AT<\/h3>\n<p><a href=\"https:\/\/www.projektor.at\/\"><\/a><\/p>\n<\/li>\n<li>\n<p>        <img decoding=\"async\" src=\"\/wp-content\/uploads\/2020\/09\/logo_projektR_freigestellt.png\" alt=\"\"><\/p>\n<h3>logo_projektR_freigestellt<\/h3>\n<\/li>\n<li>\n<p>        <img decoding=\"async\" src=\"\/wp-content\/uploads\/2024\/06\/prowise.png\" alt=\"\"><\/p>\n<h3>prowise<\/h3>\n<p><a href=\"https:\/\/www.prowise.com\/\"><\/a><\/p>\n<\/li>\n<li>\n<p>        <img decoding=\"async\" src=\"\/wp-content\/uploads\/2022\/01\/logo_rebsamen_technics.png\" alt=\"\"><\/p>\n<h3>Rebsamen Technics<\/h3>\n<p><a href=\"https:\/\/www.rebsamen-technics.net\/\"><\/a><\/p>\n<\/li>\n<li>\n<p>        <img decoding=\"async\" src=\"\/wp-content\/uploads\/2020\/09\/Schaefer-AG.png\" alt=\"\"><\/p>\n<h3>Schaefer AG<\/h3>\n<p><a href=\"https:\/\/schaefer-ag.ch\/\"><\/a><\/p>\n<\/li>\n<li>\n<p>        <img decoding=\"async\" src=\"\/wp-content\/uploads\/2020\/09\/partner-logo_scheuss_partner.png\" alt=\"\"><\/p>\n<h3>partner-logo_scheuss_partner<\/h3>\n<\/li>\n<li>\n<p>        <img decoding=\"async\" src=\"\/wp-content\/uploads\/2023\/04\/Logo-Home_v2.png\" alt=\"\"><\/p>\n<h3>Schule &#038; Raum<\/h3>\n<\/li>\n<li>\n<p>        <img decoding=\"async\" src=\"\/wp-content\/uploads\/2023\/07\/Secomp_Logo.png\" alt=\"\"><\/p>\n<h3>SECOMP AG<\/h3>\n<p><a href=\"https:\/\/www.secomp.ch\/de\/\"><\/a><\/p>\n<\/li>\n<li>\n<p>        <img decoding=\"async\" src=\"\/wp-content\/uploads\/2023\/08\/SITAS-Logo-2.png\" alt=\"\"><\/p>\n<h3>SITAS<\/h3>\n<p><a href=\"https:\/\/sitas.ch\/\"><\/a><\/p>\n<\/li>\n<li>\n<p>        <img decoding=\"async\" src=\"\/wp-content\/uploads\/2023\/04\/skool_logo2.png\" alt=\"\"><\/p>\n<h3>skool<\/h3>\n<p><a href=\"https:\/\/skool.de\/\"><\/a><\/p>\n<\/li>\n<li>\n<p>        <img decoding=\"async\" src=\"\/wp-content\/uploads\/2024\/06\/Tigersoft.png\" alt=\"\"><\/p>\n<h3>Tigersoft<\/h3>\n<p><a href=\"https:\/\/systemhaus.tigersoft.de\/\"><\/a><\/p>\n<\/li>\n<li>\n<p>        <img decoding=\"async\" src=\"\/wp-content\/uploads\/2024\/06\/Tingo-GmbH.png\" alt=\"\"><\/p>\n<h3>Tingo GmbH<\/h3>\n<p><a href=\"https:\/\/tingo.ch\"><\/a><\/p>\n<\/li>\n<li>\n<p>        <img decoding=\"async\" src=\"\/wp-content\/uploads\/2020\/09\/partner-logo_swisspro.png\" alt=\"\"><\/p>\n<h3>partner-logo_swisspro<\/h3>\n<\/li>\n<li>\n<p>        <img decoding=\"async\" src=\"\/wp-content\/uploads\/2020\/09\/KITS4Kids.png\" alt=\"\"><\/p>\n<h3>KITS4Kids<\/h3>\n<\/li>\n<li>\n<p>        <img decoding=\"async\" src=\"\/wp-content\/uploads\/2023\/04\/sound-und-vision.png\" alt=\"\"><\/p>\n<h3>Elektroanlagen Seifriedsberger &#038; Gruber GmbH Sound &#038; Vision<\/h3>\n<p><a href=\"https:\/\/sound-vision.de\/#\"><\/a><\/p>\n<\/li>\n<li>\n<p>        <img decoding=\"async\" src=\"\/wp-content\/uploads\/2022\/05\/logo_untis_2020_02.png\" alt=\"\"><\/p>\n<h3>Untis<\/h3>\n<p><a href=\"https:\/\/www.untis.at\/\"><\/a><\/p>\n<\/li>\n<li>\n<p>        <img decoding=\"async\" src=\"\/wp-content\/uploads\/2023\/04\/Logo_VIL.png\" alt=\"\"><\/p>\n<h3>VIL GmbH &#8211; Virtuelles Interaktives Lernen<\/h3>\n<p><a href=\"https:\/\/www.vil.gmbh\/\"><\/a><\/p>\n<\/li>\n<li>\n<p>        <img decoding=\"async\" src=\"\/wp-content\/uploads\/2020\/08\/News_VisuCom.png\" alt=\"\"><\/p>\n<h3>News_VisuCom<\/h3>\n<\/li>\n<li>\n<p>        <img decoding=\"async\" src=\"\/wp-content\/uploads\/2024\/06\/weq_technology_cover.jpeg\" alt=\"\"><\/p>\n<h3>weq_technology_cover<\/h3>\n<p><a href=\"https:\/\/www.weq-tech.at\"><\/a><\/p>\n<\/li>\n<\/ul>\n<p><!--more--><\/p>\n","protected":false},"excerpt":{"rendered":"<p>\u00dcber uns Education Cloud ist Ihr kompetenter Ansprechpartner rund um das digitale Klassenzimmer. Egal ob nur einzelne Tablets genutzt werden oder die ganze Schule vernetzt wird, bieten wir Ihnen eine ma\u00dfgeschneiderte L\u00f6sung an f\u00fcr die Digitalisierung Ihrer Schule. Unsere modular aufgebauten Produkte und L\u00f6sungen sind unabh\u00e4ngig vom gew\u00e4hlten Betriebssystem und stufenlos ausbaubar. Neben den technischen [&hellip;]<\/p>\n","protected":false},"author":6,"featured_media":0,"parent":0,"menu_order":3,"comment_status":"open","ping_status":"open","template":"","meta":{"_acf_changed":false,"footnotes":""},"class_list":["post-19","page","type-page","status-publish","hentry"],"acf":[],"_links":{"self":[{"href":"https:\/\/www.education-cloud.eu\/index.php?rest_route=\/wp\/v2\/pages\/19","targetHints":{"allow":["GET"]}}],"collection":[{"href":"https:\/\/www.education-cloud.eu\/index.php?rest_route=\/wp\/v2\/pages"}],"about":[{"href":"https:\/\/www.education-cloud.eu\/index.php?rest_route=\/wp\/v2\/types\/page"}],"author":[{"embeddable":true,"href":"https:\/\/www.education-cloud.eu\/index.php?rest_route=\/wp\/v2\/users\/6"}],"replies":[{"embeddable":true,"href":"https:\/\/www.education-cloud.eu\/index.php?rest_route=%2Fwp%2Fv2%2Fcomments&post=19"}],"version-history":[{"count":163,"href":"https:\/\/www.education-cloud.eu\/index.php?rest_route=\/wp\/v2\/pages\/19\/revisions"}],"predecessor-version":[{"id":6688,"href":"https:\/\/www.education-cloud.eu\/index.php?rest_route=\/wp\/v2\/pages\/19\/revisions\/6688"}],"wp:attachment":[{"href":"https:\/\/www.education-cloud.eu\/index.php?rest_route=%2Fwp%2Fv2%2Fmedia&parent=19"}],"curies":[{"name":"wp","href":"https:\/\/api.w.org\/{rel}","templated":true}]}}